{"id":998,"date":"2019-07-02T12:58:14","date_gmt":"2019-07-02T19:58:14","guid":{"rendered":"https:\/\/holista.com\/fr-ca\/?page_id=998"},"modified":"2019-07-22T10:24:59","modified_gmt":"2019-07-22T17:24:59","slug":"au-sujet-de-holista","status":"publish","type":"page","link":"https:\/\/holista.com\/fr-ca\/au-sujet-de-holista\/","title":{"rendered":"Accueil"},"content":{"rendered":"<style type=\"text\/css\"> \n#cmsms_row_69f3560a5e6944_74287385 .cmsms_row_outer_parent { \n\tpadding-top: 0px; \n} \n\n#cmsms_row_69f3560a5e6944_74287385 .cmsms_row_outer_parent { \n\tpadding-bottom: 0px; \n} \n\n \n\n#cmsms_fb_69f3560a5e3cb1_90581497 { \n\tpadding-top:0px; \n\tpadding-bottom:0px; \n} \n\n#cmsms_fb_69f3560a5e3cb1_90581497 .featured_block_inner { \n\twidth: 81%; \n\tpadding: ; \n\ttext-align: center; \n\tmargin:0 auto; \n} \n\n#cmsms_fb_69f3560a5e3cb1_90581497 .featured_block_text { \n\ttext-align: center; \n} \n\n \n\n#cmsms_fb_69f3560a5e5660_96611074 { \n\tpadding-top:0px; \n\tpadding-bottom:0px; \n} \n\n#cmsms_fb_69f3560a5e5660_96611074 .featured_block_inner { \n\twidth: 84%; \n\tpadding: ; \n\ttext-align: center; \n\tmargin:0 auto; \n} \n\n#cmsms_fb_69f3560a5e5660_96611074 .featured_block_text { \n\ttext-align: center; \n} \n\n \n\n#cmsms_fb_69f3560a5e5b97_68249807 { \n\tpadding-top:0px; \n\tpadding-bottom:0px; \n} \n\n#cmsms_fb_69f3560a5e5b97_68249807 .featured_block_inner { \n\twidth: 93%; \n\tpadding: ; \n\ttext-align: center; \n\tmargin:0 auto; \n} \n\n#cmsms_fb_69f3560a5e5b97_68249807 .featured_block_text { \n\ttext-align: center; \n} \n\n \n\n#cmsms_fb_69f3560a5e6481_11670771 { \n\tpadding-top:0px; \n\tpadding-bottom:0px; \n} \n\n#cmsms_fb_69f3560a5e6481_11670771 .featured_block_inner { \n\twidth: 100%; \n\tpadding: ; \n\ttext-align: left; \n\tmargin:0 auto; \n} \n\n#cmsms_fb_69f3560a5e6481_11670771 .featured_block_text { \n\ttext-align: left; \n} \n\n \n\n#cmsms_fb_69f3560a5e6e97_74018677 { \n\tpadding-top:0px; \n\tpadding-bottom:0px; \n} \n\n#cmsms_fb_69f3560a5e6e97_74018677 .featured_block_inner { \n\twidth: 100%; \n\tpadding: ; \n\ttext-align: left; \n\tfloat:left; \n} \n\n#cmsms_fb_69f3560a5e6e97_74018677 .featured_block_text { \n\ttext-align: left; \n} \n\n \n\n#cmsms_fb_69f3560a5e74a6_84825873 { \n\tpadding-top:0px; \n\tpadding-bottom:0px; \n} \n\n#cmsms_fb_69f3560a5e74a6_84825873 .featured_block_inner { \n\twidth: 100%; \n\tpadding: ; \n\ttext-align: left; \n\tmargin:0 auto; \n} \n\n#cmsms_fb_69f3560a5e74a6_84825873 .featured_block_text { \n\ttext-align: left; \n} \n\n<\/style><div id=\"cmsms_row_69f3560a5e6944_74287385\" class=\"cmsms_row cmsms_color_scheme_default\">\n<div class=\"cmsms_row_outer_parent\">\n<div class=\"cmsms_row_outer\">\n<div class=\"cmsms_row_inner\">\n<div class=\"cmsms_row_margin\">\n<div class=\"cmsms_column one_third\">\n<div id=\"cmsms_fb_69f3560a5e3cb1_90581497\" class=\"cmsms_featured_block\">\n<div class=\"featured_block_inner\">\n<div class=\"featured_block_text\">\n<p><img loading=\"lazy\" decoding=\"async\" class=\"wp-image-999 size-full aligncenter\" src=\"\/wp-content\/uploads\/sites\/2\/2016\/04\/holista-about-us-2nd-250x250.png\" width=\"250\" height=\"250\" \/><\/p>\n<h5 style=\"text-align: center;\">Nous utilisons des ingr\u00e9dients de premi\u00e8re qualit\u00e9<\/h5>\n<\/div>\n<\/div>\n<\/div>\n<\/div>\n<div class=\"cmsms_column one_third\">\n<div id=\"cmsms_fb_69f3560a5e5660_96611074\" class=\"cmsms_featured_block\">\n<div class=\"featured_block_inner\">\n<div class=\"featured_block_text\">\n<p><img loading=\"lazy\" decoding=\"async\" class=\"wp-image-1000 size-full aligncenter\" src=\"\/wp-content\/uploads\/sites\/2\/2016\/04\/bg-RD.png\" width=\"250\" height=\"250\" \/><\/p>\n<h5 style=\"text-align: center;\">Nous analysons nos ingr\u00e9dients.<\/h5>\n<\/div>\n<\/div>\n<\/div>\n<\/div>\n<div class=\"cmsms_column one_third\">\n<div id=\"cmsms_fb_69f3560a5e5b97_68249807\" class=\"cmsms_featured_block\">\n<div class=\"featured_block_inner\">\n<div class=\"featured_block_text\">\n<p style=\"text-align: center;\"><img loading=\"lazy\" decoding=\"async\" class=\"wp-image-1001 size-full aligncenter\" src=\"\/wp-content\/uploads\/sites\/2\/2016\/04\/3-bottles-holista-20160530.png\" width=\"250\" height=\"250\" \/><\/p>\n<h5 style=\"text-align: center;\">Nos produits de haute qualit\u00e9 sont destin\u00e9s \u00e0 am\u00e9liorer votre sant\u00e9.<\/h5>\n<\/div>\n<\/div>\n<\/div>\n<\/div>\n<\/div>\n<\/div>\n<div class=\"cmsms_row_inner\">\n<div class=\"cmsms_row_margin\">\n<div class=\"cmsms_column one_first\">\n<div id=\"cmsms_fb_69f3560a5e6481_11670771\" class=\"cmsms_featured_block\">\n<div class=\"featured_block_inner\">\n<div class=\"featured_block_text\">\n<h2 style=\"text-align: center;\">Ce qui compte le plus<\/h2>\n<h2 style=\"text-align: center;\"><\/h2>\n<h5 style=\"text-align: center;\">L\u2019am\u00e9lioration de la sant\u00e9 de votre famille est \u00e0 la base de la gamme de produits Holista.<\/h5>\n<h5 style=\"text-align: center;\">Notre priorit\u00e9\u00a0: utiliser des mati\u00e8res premi\u00e8res de qualit\u00e9 sup\u00e9rieure provenant de fournisseurs r\u00e9put\u00e9s et soumises \u00e0 des analyses pouss\u00e9es.<\/h5>\n<h5 style=\"text-align: center;\">Nous offrons des suppl\u00e9ments alimentaires de qualit\u00e9, mais Holista ne se limite pas aux suppl\u00e9ments.<\/h5>\n<h5 style=\"text-align: center;\">Nos cr\u00e8mes et produits topiques se pr\u00e9sentent sous diverses formes et pr\u00e9parations uniques qui sont naturelles, douces et hypoallerg\u00e9niques.<\/h5>\n<\/div>\n<\/div>\n<\/div>\n<\/div>\n<\/div>\n<\/div>\n<div class=\"cmsms_row_inner\">\n<div class=\"cmsms_row_margin\">\n<div class=\"cmsms_column one_half\">\n<div id=\"cmsms_fb_69f3560a5e6e97_74018677\" class=\"cmsms_featured_block\" data-animation=\"fadeInUp\" data-delay=\"0\">\n<div class=\"featured_block_inner\">\n<div class=\"featured_block_text\">\n<h2 style=\"text-align: center;\">Assurance qualit\u00e9<img loading=\"lazy\" decoding=\"async\" class=\"aligncenter wp-image-1002 size-project-thumb\" src=\"\/wp-content\/uploads\/sites\/2\/2016\/04\/HiRes-580x400.jpg\" width=\"580\" height=\"400\" \/><\/h2>\n<p style=\"text-align: center;\">Holista s\u2019engage \u00e0 assurer un contr\u00f4le de la qualit\u00e9 \u00ab\u00a0\u00e0 tous les niveaux\u00a0\u00bb.<\/p>\n<p style=\"text-align: center;\">Gr\u00e2ce \u00e0 nos installations de transformation et de fabrication et \u00e0 nos laboratoires, nous pouvons garantir la qualit\u00e9 sup\u00e9rieure de nos suppl\u00e9ments naturels et de nos produits topiques. Nos produits respectent ou d\u00e9passent les lignes directrices canadiennes en mati\u00e8re de Bonnes pratiques de fabrication (BPF), les r\u00e8glements de Sant\u00e9 Canada, ainsi que les normes de qualit\u00e9 des nutraceutiques les plus strictes.<\/p>\n<p style=\"text-align: center;\">Holista utilise uniquement des mati\u00e8res premi\u00e8res de qualit\u00e9 sup\u00e9rieure provenant de fournisseurs r\u00e9put\u00e9s, y compris nous-m\u00eames, et soumises \u00e0 des analyses pouss\u00e9es.<\/p>\n<\/div>\n<\/div>\n<\/div>\n<\/div>\n<div class=\"cmsms_column one_half\">\n<div id=\"cmsms_fb_69f3560a5e74a6_84825873\" class=\"cmsms_featured_block\">\n<div class=\"featured_block_inner\">\n<div class=\"featured_block_text\">\n<h2 style=\"text-align: center;\">Recherche et d\u00e9veloppement<img loading=\"lazy\" decoding=\"async\" class=\"aligncenter wp-image-1003 size-project-thumb\" src=\"\/wp-content\/uploads\/sites\/2\/2016\/04\/iStock_000086248441_Large-580x400.jpg\" width=\"580\" height=\"400\" \/><\/h2>\n<p style=\"text-align: center;\">L\u2019expertise de notre \u00e9quipe scientifique nous permet de nous assurer que les produits Holista contiennent tous une concentration efficace des principaux compos\u00e9s reconnus pour leur contribution \u00e0 l\u2019am\u00e9lioration de la sant\u00e9 et de la beaut\u00e9.<\/p>\n<p style=\"text-align: center;\">Au moyen de la chromatographie liquide \u00e0 haute performance (CLHP) et de l\u2019analyse par absorption atomique, nos scientifiques \u00e9valuent chaque lot de mati\u00e8re premi\u00e8re avant son utilisation dans nos suppl\u00e9ments.<\/p>\n<p style=\"text-align: center;\">Nous v\u00e9rifions et analysons les produits \u00e0 tous les stades, de la formulation initiale \u00e0 l\u2019emballage, en passant par le m\u00e9lange, la transformation et la fabrication. Nous nous assurons ainsi que le contenu de chaque bouteille de chaque lot respecte les all\u00e9gations de l\u2019\u00e9tiquette et plus encore. Une qualit\u00e9 constante et une fiabilit\u00e9 auxquelles vous pouvez faire une totale confiance.<\/p>\n<\/div>\n<\/div>\n<\/div>\n<\/div>\n<\/div>\n<\/div>\n<\/div>\n<\/div>\n<\/div>\n\n","protected":false},"excerpt":{"rendered":"","protected":false},"author":3,"featured_media":0,"parent":0,"menu_order":0,"comment_status":"closed","ping_status":"closed","template":"","meta":{"_acf_changed":false,"footnotes":""},"class_list":["post-998","page","type-page","status-publish","hentry"],"yoast_head":"<!-- This site is optimized with the Yoast SEO Premium plugin v27.5 (Yoast SEO v27.5) - https:\/\/yoast.com\/product\/yoast-seo-premium-wordpress\/ -->\n<title>Accueil - Holista \/fr-ca\/<\/title>\n<meta name=\"description\" content=\"Renseignez-vous sur Holista et sa gamme de produits. Vous constaterez que nous avons \u00e0 c\u0153ur d\u2019am\u00e9liorer votre sant\u00e9 et celle de votre famille.\" \/>\n<meta name=\"robots\" content=\"index, follow, max-snippet:-1, max-image-preview:large, max-video-preview:-1\" \/>\n<link rel=\"canonical\" href=\"https:\/\/holista.com\/fr-ca\/au-sujet-de-holista\/\" \/>\n<meta property=\"og:locale\" content=\"fr_CA\" \/>\n<meta property=\"og:type\" content=\"article\" \/>\n<meta property=\"og:title\" content=\"Accueil\" \/>\n<meta property=\"og:description\" content=\"Renseignez-vous sur Holista et sa gamme de produits. Vous constaterez que nous avons \u00e0 c\u0153ur d\u2019am\u00e9liorer votre sant\u00e9 et celle de votre famille.\" \/>\n<meta property=\"og:url\" content=\"https:\/\/holista.com\/fr-ca\/au-sujet-de-holista\/\" \/>\n<meta property=\"og:site_name\" content=\"Holista \/fr-ca\/\" \/>\n<meta property=\"article:modified_time\" content=\"2019-07-22T17:24:59+00:00\" \/>\n<meta property=\"og:image\" content=\"https:\/\/holista.com\/wp-content\/uploads\/sites\/2\/2016\/04\/holista-about-us-2nd-250x250.png\" \/>\n<meta name=\"twitter:card\" content=\"summary_large_image\" \/>\n<meta name=\"twitter:label1\" content=\"Estimation du temps de lecture\" \/>\n\t<meta name=\"twitter:data1\" content=\"3 minutes\" \/>\n<script type=\"application\/ld+json\" class=\"yoast-schema-graph\">{\"@context\":\"https:\\\/\\\/schema.org\",\"@graph\":[{\"@type\":\"WebPage\",\"@id\":\"https:\\\/\\\/holista.com\\\/fr-ca\\\/au-sujet-de-holista\\\/\",\"url\":\"https:\\\/\\\/holista.com\\\/fr-ca\\\/au-sujet-de-holista\\\/\",\"name\":\"Accueil - Holista \\\/fr-ca\\\/\",\"isPartOf\":{\"@id\":\"https:\\\/\\\/holista.com\\\/fr-ca\\\/#website\"},\"datePublished\":\"2019-07-02T19:58:14+00:00\",\"dateModified\":\"2019-07-22T17:24:59+00:00\",\"description\":\"Renseignez-vous sur Holista et sa gamme de produits. Vous constaterez que nous avons \u00e0 c\u0153ur d\u2019am\u00e9liorer votre sant\u00e9 et celle de votre famille.\",\"breadcrumb\":{\"@id\":\"https:\\\/\\\/holista.com\\\/fr-ca\\\/au-sujet-de-holista\\\/#breadcrumb\"},\"inLanguage\":\"fr-CA\",\"potentialAction\":[{\"@type\":\"ReadAction\",\"target\":[\"https:\\\/\\\/holista.com\\\/fr-ca\\\/au-sujet-de-holista\\\/\"]}]},{\"@type\":\"BreadcrumbList\",\"@id\":\"https:\\\/\\\/holista.com\\\/fr-ca\\\/au-sujet-de-holista\\\/#breadcrumb\",\"itemListElement\":[{\"@type\":\"ListItem\",\"position\":1,\"name\":\"Accueil\",\"item\":\"https:\\\/\\\/holista.com\\\/fr-ca\\\/\"},{\"@type\":\"ListItem\",\"position\":2,\"name\":\"Accueil\"}]},{\"@type\":\"WebSite\",\"@id\":\"https:\\\/\\\/holista.com\\\/fr-ca\\\/#website\",\"url\":\"https:\\\/\\\/holista.com\\\/fr-ca\\\/\",\"name\":\"Holista \\\/fr-ca\\\/\",\"description\":\"Adoptez-le pour toujours !\",\"potentialAction\":[{\"@type\":\"SearchAction\",\"target\":{\"@type\":\"EntryPoint\",\"urlTemplate\":\"https:\\\/\\\/holista.com\\\/fr-ca\\\/?s={search_term_string}\"},\"query-input\":{\"@type\":\"PropertyValueSpecification\",\"valueRequired\":true,\"valueName\":\"search_term_string\"}}],\"inLanguage\":\"fr-CA\"}]}<\/script>\n<!-- \/ Yoast SEO Premium plugin. -->","yoast_head_json":{"title":"Accueil - Holista \/fr-ca\/","description":"Renseignez-vous sur Holista et sa gamme de produits. Vous constaterez que nous avons \u00e0 c\u0153ur d\u2019am\u00e9liorer votre sant\u00e9 et celle de votre famille.","robots":{"index":"index","follow":"follow","max-snippet":"max-snippet:-1","max-image-preview":"max-image-preview:large","max-video-preview":"max-video-preview:-1"},"canonical":"https:\/\/holista.com\/fr-ca\/au-sujet-de-holista\/","og_locale":"fr_CA","og_type":"article","og_title":"Accueil","og_description":"Renseignez-vous sur Holista et sa gamme de produits. Vous constaterez que nous avons \u00e0 c\u0153ur d\u2019am\u00e9liorer votre sant\u00e9 et celle de votre famille.","og_url":"https:\/\/holista.com\/fr-ca\/au-sujet-de-holista\/","og_site_name":"Holista \/fr-ca\/","article_modified_time":"2019-07-22T17:24:59+00:00","og_image":[{"url":"https:\/\/holista.com\/wp-content\/uploads\/sites\/2\/2016\/04\/holista-about-us-2nd-250x250.png","type":"","width":"","height":""}],"twitter_card":"summary_large_image","twitter_misc":{"Estimation du temps de lecture":"3 minutes"},"schema":{"@context":"https:\/\/schema.org","@graph":[{"@type":"WebPage","@id":"https:\/\/holista.com\/fr-ca\/au-sujet-de-holista\/","url":"https:\/\/holista.com\/fr-ca\/au-sujet-de-holista\/","name":"Accueil - Holista \/fr-ca\/","isPartOf":{"@id":"https:\/\/holista.com\/fr-ca\/#website"},"datePublished":"2019-07-02T19:58:14+00:00","dateModified":"2019-07-22T17:24:59+00:00","description":"Renseignez-vous sur Holista et sa gamme de produits. Vous constaterez que nous avons \u00e0 c\u0153ur d\u2019am\u00e9liorer votre sant\u00e9 et celle de votre famille.","breadcrumb":{"@id":"https:\/\/holista.com\/fr-ca\/au-sujet-de-holista\/#breadcrumb"},"inLanguage":"fr-CA","potentialAction":[{"@type":"ReadAction","target":["https:\/\/holista.com\/fr-ca\/au-sujet-de-holista\/"]}]},{"@type":"BreadcrumbList","@id":"https:\/\/holista.com\/fr-ca\/au-sujet-de-holista\/#breadcrumb","itemListElement":[{"@type":"ListItem","position":1,"name":"Accueil","item":"https:\/\/holista.com\/fr-ca\/"},{"@type":"ListItem","position":2,"name":"Accueil"}]},{"@type":"WebSite","@id":"https:\/\/holista.com\/fr-ca\/#website","url":"https:\/\/holista.com\/fr-ca\/","name":"Holista \/fr-ca\/","description":"Adoptez-le pour toujours !","potentialAction":[{"@type":"SearchAction","target":{"@type":"EntryPoint","urlTemplate":"https:\/\/holista.com\/fr-ca\/?s={search_term_string}"},"query-input":{"@type":"PropertyValueSpecification","valueRequired":true,"valueName":"search_term_string"}}],"inLanguage":"fr-CA"}]}},"acf":[],"_links":{"self":[{"href":"https:\/\/holista.com\/fr-ca\/wp-json\/wp\/v2\/pages\/998","targetHints":{"allow":["GET"]}}],"collection":[{"href":"https:\/\/holista.com\/fr-ca\/wp-json\/wp\/v2\/pages"}],"about":[{"href":"https:\/\/holista.com\/fr-ca\/wp-json\/wp\/v2\/types\/page"}],"author":[{"embeddable":true,"href":"https:\/\/holista.com\/fr-ca\/wp-json\/wp\/v2\/users\/3"}],"replies":[{"embeddable":true,"href":"https:\/\/holista.com\/fr-ca\/wp-json\/wp\/v2\/comments?post=998"}],"version-history":[{"count":0,"href":"https:\/\/holista.com\/fr-ca\/wp-json\/wp\/v2\/pages\/998\/revisions"}],"wp:attachment":[{"href":"https:\/\/holista.com\/fr-ca\/wp-json\/wp\/v2\/media?parent=998"}],"curies":[{"name":"wp","href":"https:\/\/api.w.org\/{rel}","templated":true}]}}