{"id":433,"date":"2016-05-05T17:41:30","date_gmt":"2016-05-05T17:41:30","guid":{"rendered":"\/?page_id=433"},"modified":"2024-01-19T13:22:12","modified_gmt":"2024-01-19T21:22:12","slug":"politique-de-confidentialite","status":"publish","type":"page","link":"https:\/\/holista.com\/fr-ca\/politique-de-confidentialite\/","title":{"rendered":"Politique de confidentialit\u00e9"},"content":{"rendered":"<style type=\"text\/css\"><\/style><p>Mis \u00e0 jour le 2024-01-19<\/p>\n<p>La pr\u00e9sente Politique est un \u00e9nonc\u00e9 des principes et des pratiques de confidentialit\u00e9 g\u00e9n\u00e9rales qui guident la mani\u00e8re dont nous recueillons, conservons et utilisons les renseignements personnels. Notre Politique de confidentialit\u00e9 est facile \u00e0 consulter puisqu&rsquo;un hyperlien figure sur la page d&rsquo;accueil et sur chacune des pages de ce site Web. Toute demande de renseignements personnels s&rsquo;accompagne, s&rsquo;il y a lieu, d&rsquo;une explication quant \u00e0 l&rsquo;usage qui sera fait de ces donn\u00e9es. La pr\u00e9sente Politique, ainsi que toute explication suppl\u00e9mentaire, vise \u00e0 offrir un niveau de confidentialit\u00e9 adapt\u00e9 au visiteur ou \u00e0 l&rsquo;utilisateur de ce site.<\/p>\n<p><b> 1. ENGAGEMENT ENVERS LA CONFIDENTIALIT\u00c9<\/b><\/p>\n<p>L&rsquo;expression \u00ab renseignements personnels \u00bb, utilis\u00e9e dans la pr\u00e9sente Politique d\u00e9signe toute information, telle que votre nom, votre date de naissance, votre adresse \u00e9lectronique ou votre adresse postale, qui peut servir \u00e0 vous identifier. Holista Heath Canada Inc. (\u00ab\u00a0Holista\u00a0\u00bb) n&rsquo;utilisera pas vos renseignements personnels sans votre consentement.<\/p>\n<p>Dans le traitement de vos donn\u00e9es personnelles, nous nous engageons \u00e0 respecter pleinement les normes internationalement reconnues de protection des renseignements personnels. Ce faisant, nous veillons \u00e0 faire respecter par notre personnel des normes strictes de s\u00e9curit\u00e9 et de confidentialit\u00e9.<\/p>\n<p>Les sections qui suivent expliquent comment et \u00e0 quelles fins nous demandons des renseignements personnels.<\/p>\n<p><b> 2. UTILISATION PR\u00c9VUE DES RENSEIGNEMENTS PERSONNELS<\/b><\/p>\n<p>La plupart de nos services ne requi\u00e8rent aucune forme d&rsquo;inscription, ce qui vous permet de consulter notre site sans vous identifier. Toutefois, il est possible que certains services exigent que vous vous inscriviez. Vous devez alors remplir des champs pr\u00e9cis. Si vous d\u00e9cidez de ne pas fournir certains des renseignements personnels demand\u00e9s, il est possible que vous n&rsquo;ayez pas acc\u00e8s \u00e0 certaines parties du site ou que nous ne puissions r\u00e9pondre \u00e0 votre demande d&rsquo;information.<\/p>\n<p>Holista utilise les renseignements personnels \u00e0 des fins restreintes et particuli\u00e8res dont vous \u00eates inform\u00e9s au moment o\u00f9 nous demandons les donn\u00e9es. Par exemple, nous pouvons recueillir et utiliser les renseignements personnels afin de vous offrir des produits ou des services, de facturer les produits et services que vous demandez, de mettre en march\u00e9 des produits et services qui, \u00e0 notre avis, pourraient vous int\u00e9resser, ou de communiquer avec vous \u00e0 d&rsquo;autres fins. L&rsquo;information que vous transmettez \u00e0 notre service \u00e0 la client\u00e8le servira uniquement \u00e0 nous aider \u00e0 r\u00e9soudre votre probl\u00e8me et sera gard\u00e9e strictement confidentielle.<\/p>\n<p>Holista conserve vos donn\u00e9es pour aussi longtemps qu&rsquo;il est raisonnablement n\u00e9cessaire de le faire aux fins pr\u00e9vues et conform\u00e9ment \u00e0 toute obligation juridique ou professionnelle de d\u00e9claration ou de conservation des documents.<\/p>\n<p><b> 3. NON-DIVULGATION DE L&rsquo;INFORMATION <\/b><\/p>\n<p>Holista s\u2019engage \u00e0 ne pas vendre, communiquer ou diffuser de quelconque fa\u00e7on vos renseignements personnels \u00e0 des tiers qui ne font pas partie de Holista. Cependant, ces renseignements peuvent \u00eatre communiqu\u00e9s occasionnellement \u00e0 des tiers qui agissent au nom de Holista, ou en rapport avec les activit\u00e9s de Holista, pour utilisation ult\u00e9rieure, conform\u00e9ment aux fins auxquelles les renseignements ont \u00e9t\u00e9 recueillis \u00e0 l\u2019origine.<\/p>\n<p>Lorsqu&rsquo;il y a divulgation de renseignements personnels \u00e0 un tiers, nous essayons, dans la mesure du possible, de nous assurer que l&rsquo;information est utilis\u00e9e conform\u00e9ment aux fins auxquelles elle a \u00e9t\u00e9 recueillie et dans les limites \u00e9tablies alors. Il peut arriver que ces tiers aient une politique de confidentialit\u00e9 diff\u00e9rente. Si le pr\u00e9sent site Web \u00e9tait ferm\u00e9 pour une quelconque raison, tous les renseignements personnels recueillis seraient d\u00e9truits, ou vous seriez inform\u00e9 de toute autre forme d&rsquo;utilisation des donn\u00e9es, afin de pouvoir r\u00e9voquer votre consentement \u00e0 l&rsquo;utilisation des renseignements, s&rsquo;il y a lieu.<\/p>\n<p><b> 4. DROIT D&rsquo;ACC\u00c8S <\/b><\/p>\n<p>Vous avez le droit d&rsquo;acc\u00e9der \u00e0 vos renseignements personnels et de les mettre \u00e0 jour ou d&rsquo;exiger leur suppression. Nous nous effor\u00e7ons de nous assurer que les renseignements personnels sont \u00e0 jour, exacts et complets. Si vous souhaitez acc\u00e9der aux renseignements que nous d\u00e9tenons ou les corriger, veuillez nous contacter \u00e0 info@holista.com. Votre demande sera trait\u00e9e promptement et de mani\u00e8re appropri\u00e9e. Une demande de correction n&rsquo;entra\u00eene pas de frais, mais pour toute autre demande, Holista peut exiger une l\u00e9g\u00e8re redevance pour faire ses frais. Les demandes de suppression de renseignements personnels sont assujetties \u00e0 toutes les obligations juridiques et professionnelles de d\u00e9claration ou encore de d\u00e9p\u00f4t ou de conservation de documents auxquelles est soumise Holista.<\/p>\n<p><b> 5. S\u00c9CURIT\u00c9 ET CONFIDENTIALIT\u00c9 <\/b><\/p>\n<p>Afin de garantir la s\u00e9curit\u00e9 et la confidentialit\u00e9 des renseignements personnels que Holista recueille en direct, Holista a recours \u00e0 des r\u00e9seaux de donn\u00e9es prot\u00e9g\u00e9s, entre autres, par des pare-feu et des mesures de protection du mot de passe. L&rsquo;acc\u00e8s aux renseignements personnels est r\u00e9serv\u00e9 aux employ\u00e9s qui ont besoin d&rsquo;utiliser ces donn\u00e9es, qui ont re\u00e7u la formation n\u00e9cessaire pour traiter ce genre d&rsquo;information de mani\u00e8re appropri\u00e9e et qui observent des normes s\u00e9v\u00e8res de confidentialit\u00e9. Tout employ\u00e9 qui enfreint nos politiques et marches \u00e0 suivre fera l&rsquo;objet de mesures disciplinaires appropri\u00e9es. Le respect par le personnel de nos politiques et marches \u00e0 suivre est v\u00e9rifi\u00e9 et examin\u00e9 p\u00e9riodiquement. Bien que nous ne puissions offrir de garantie contre la perte, le m\u00e9susage ou la modification des donn\u00e9es, nous nous effor\u00e7ons d&#8217;emp\u00eacher ces \u00e9v\u00e9nements malheureux.<\/p>\n<p><b> 6. TRANSFERT DE DONN\u00c9ES \u00c0 L&rsquo;\u00c9TRANGER <\/b><\/p>\n<p>Il est possible que nous transf\u00e9rions vos donn\u00e9es \u00e0 l&rsquo;une des bases de donn\u00e9es de Holista en dehors de votre pays de r\u00e9sidence. Si le niveau de protection des renseignements personnel dans un pays n&rsquo;est pas appropri\u00e9, nous nous assurerons que les transferts de donn\u00e9es dans les bases de donn\u00e9es de Holista dans ce pays sont prot\u00e9g\u00e9s ad\u00e9quatement et qu&rsquo;il n&rsquo;y aura pas de transfert \u00e0 des tiers dans ces pays, \u00e0 moins que nous n&rsquo;ayons obtenu votre consentement expr\u00e8s au pr\u00e9alable.<\/p>\n<p><b> 7. DONN\u00c9ES ANONYMES ET \u00ab T\u00c9MOINS \u00bb <\/b><\/p>\n<p>La plupart des donn\u00e9es que Holista recueille sur ses sites Web sont des renseignements anonymes, par exemple les pages que vous consultez et vos diff\u00e9rentes recherches. Lorsque vous visitez notre site Web, nous ne recueillons pas de renseignements personnels sans votre autorisation.<\/p>\n<p>Les donn\u00e9es anonymes sont utilis\u00e9es par Holista pour nous aider \u00e0 am\u00e9liorer le contenu du site et \u00e0 compiler des statistiques globales sur le profil des personnes qui consultent notre site, \u00e0 des fins internes d&rsquo;\u00e9tude de march\u00e9. Pour ce faire, Holista peut placer des t\u00e9moins (\u00ab cookies \u00bb) qui permettent de recueillir des donn\u00e9es tel le nom de domaine de premier niveau de l&rsquo;utilisateur (p. ex., \u00ab monserveur.com \u00bb d&rsquo;une adresse \u00e9lectronique comme jean@monserveur.com, ainsi que la date et l&rsquo;heure d&rsquo;acc\u00e8s. Les t\u00e9moins ne peuvent en soi \u00eatre utilis\u00e9s pour d\u00e9couvrir l&rsquo;identit\u00e9 de l&rsquo;utilisateur. Le t\u00e9moin est une petite portion d&rsquo;information qui est envoy\u00e9e \u00e0 votre navigateur et plac\u00e9e sur votre disque dur. Les t\u00e9moins n&rsquo;endommagent pas votre ordinateur. Vous pouvez configurer votre navigateur de fa\u00e7on qu&rsquo;il vous avertisse lorsqu&rsquo;il re\u00e7oit un t\u00e9moin ; vous \u00eates alors en mesure de d\u00e9cider s&rsquo;il convient de l&rsquo;accepter ou non.v<\/p>\n<p><b> 8. POURRIELS <\/b><\/p>\n<p>Holista n&rsquo;accepte pas les \u00ab pourriels \u00bb. Ceux-ci sont d\u00e9finis comme des courriels non sollicit\u00e9s, habituellement de nature commerciale, envoy\u00e9s en grand nombre et de fa\u00e7on r\u00e9p\u00e9t\u00e9e \u00e0 des personnes avec lesquelles l&rsquo;exp\u00e9diteur n&rsquo;a jamais eu de contact auparavant ou qui ont refus\u00e9 de recevoir ce genre de communications.<\/p>\n<p>Par ailleurs, lorsque Holista croit qu&rsquo;une information donn\u00e9e sur un produit, sur la sant\u00e9 ou sur un autre sujet est importante pour vous, elle se r\u00e9serve le droit de vous informer par courriel, tout en vous donnant la possibilit\u00e9 de refuser ce service.<\/p>\n<p><b> 9. LES RENSEIGNEMENTS PERSONNELS ET LES ENFANTS <\/b><\/p>\n<p>Holista s&rsquo;engage \u00e0 ne pas d\u00e9lib\u00e9r\u00e9ment recueillir, utiliser ou divulguer les renseignements personnels concernant des jeunes de moins de 13 ans, sans avoir obtenu au pr\u00e9alable le consentement d&rsquo;une personne exer\u00e7ant une responsabilit\u00e9 parentale (p. ex., un parent ou un tuteur) par contact direct, hors ligne. Nous fournirons au parent a) un avis du genre de renseignements personnels pr\u00e9cis qui sont demand\u00e9s Holista respecte les lois pour la protection des enfants.<\/p>\n<p><b> 10. LIENS VERS D&rsquo;AUTRES SITES <\/b><\/p>\n<p>La pr\u00e9sente Politique de confidentialit\u00e9 ne s&rsquo;applique qu&rsquo;\u00e0 ce Site, exclusion faite des sites Web de tiers. Holista peut fournir des liens menant \u00e0 d&rsquo;autres sites Web qui lui semblent offrir un int\u00e9r\u00eat pour ses visiteurs. Elle s&rsquo;efforce de s&rsquo;assurer que ces sites sont de la plus grande qualit\u00e9 possible. Toutefois, compte tenu de la nature du Web, Holista ne peut garantir le niveau de qualit\u00e9 de chaque site ext\u00e9rieur auquel m\u00e8ne un hyperlien et ne peut \u00eatre tenue responsable du contenu des sites en dehors de Holista.<\/p>\n<p><b> 11. RESPONSABLE DE CONTACT ET DE CONFIDENTIALIT\u00c9<\/b><\/p>\n<p>Si vous avez des questions ou des plaintes concernant notre respect de cette politique de confidentialit\u00e9, ou si vous souhaitez faire des recommandations ou des commentaires pour am\u00e9liorer la qualit\u00e9 de notre politique de confidentialit\u00e9, veuillez nous envoyer un e-mail \u00e0 : info@holista.ca. Notre responsable de la confidentialit\u00e9 est Matthew Stroh, directeur des op\u00e9rations marketing. Nous visons \u00e0 am\u00e9liorer constamment les outils mis \u00e0 votre disposition pour g\u00e9rer les donn\u00e9es que vous nous fournissez. Veuillez vous r\u00e9f\u00e9rer \u00e0 cette page de temps en temps pour consulter ces autres nouvelles fonctionnalit\u00e9s.<\/p>\n","protected":false},"excerpt":{"rendered":"<p>Mis \u00e0 jour le 2024-01-19 La pr\u00e9sente Politique est un \u00e9nonc\u00e9 des principes et des pratiques de confidentialit\u00e9 g\u00e9n\u00e9rales qui guident la mani\u00e8re dont nous recueillons, conservons et utilisons les renseignements personnels. Notre Politique de confidentialit\u00e9 est facile \u00e0 consulter puisqu&rsquo;un hyperlien figure sur la page d&rsquo;accueil et sur chacune des pages de ce site&#8230;<\/p>\n","protected":false},"author":3,"featured_media":0,"parent":0,"menu_order":0,"comment_status":"closed","ping_status":"closed","template":"","meta":{"_acf_changed":false,"footnotes":""},"class_list":["post-433","page","type-page","status-publish","hentry"],"yoast_head":"<!-- This site is optimized with the Yoast SEO Premium plugin v27.3 (Yoast SEO v27.3) - https:\/\/yoast.com\/product\/yoast-seo-premium-wordpress\/ -->\n<title>Politique de confidentialit\u00e9 - Holista \/fr-ca\/<\/title>\n<meta name=\"robots\" content=\"index, follow, max-snippet:-1, max-image-preview:large, max-video-preview:-1\" \/>\n<link rel=\"canonical\" href=\"https:\/\/holista.com\/fr-ca\/politique-de-confidentialite\/\" \/>\n<meta property=\"og:locale\" content=\"fr_CA\" \/>\n<meta property=\"og:type\" content=\"article\" \/>\n<meta property=\"og:title\" content=\"Politique de confidentialit\u00e9\" \/>\n<meta property=\"og:description\" content=\"Mis \u00e0 jour le 2024-01-19 La pr\u00e9sente Politique est un \u00e9nonc\u00e9 des principes et des pratiques de confidentialit\u00e9 g\u00e9n\u00e9rales qui guident la mani\u00e8re dont nous recueillons, conservons et utilisons les renseignements personnels. Notre Politique de confidentialit\u00e9 est facile \u00e0 consulter puisqu&rsquo;un hyperlien figure sur la page d&rsquo;accueil et sur chacune des pages de ce site...\" \/>\n<meta property=\"og:url\" content=\"https:\/\/holista.com\/fr-ca\/politique-de-confidentialite\/\" \/>\n<meta property=\"og:site_name\" content=\"Holista \/fr-ca\/\" \/>\n<meta property=\"article:modified_time\" content=\"2024-01-19T21:22:12+00:00\" \/>\n<meta name=\"twitter:card\" content=\"summary_large_image\" \/>\n<meta name=\"twitter:label1\" content=\"Estimation du temps de lecture\" \/>\n\t<meta name=\"twitter:data1\" content=\"8 minutes\" \/>\n<script type=\"application\/ld+json\" class=\"yoast-schema-graph\">{\"@context\":\"https:\\\/\\\/schema.org\",\"@graph\":[{\"@type\":\"WebPage\",\"@id\":\"https:\\\/\\\/holista.com\\\/fr-ca\\\/politique-de-confidentialite\\\/\",\"url\":\"https:\\\/\\\/holista.com\\\/fr-ca\\\/politique-de-confidentialite\\\/\",\"name\":\"Politique de confidentialit\u00e9 - Holista \\\/fr-ca\\\/\",\"isPartOf\":{\"@id\":\"https:\\\/\\\/holista.com\\\/fr-ca\\\/#website\"},\"datePublished\":\"2016-05-05T17:41:30+00:00\",\"dateModified\":\"2024-01-19T21:22:12+00:00\",\"breadcrumb\":{\"@id\":\"https:\\\/\\\/holista.com\\\/fr-ca\\\/politique-de-confidentialite\\\/#breadcrumb\"},\"inLanguage\":\"fr-CA\",\"potentialAction\":[{\"@type\":\"ReadAction\",\"target\":[\"https:\\\/\\\/holista.com\\\/fr-ca\\\/politique-de-confidentialite\\\/\"]}]},{\"@type\":\"BreadcrumbList\",\"@id\":\"https:\\\/\\\/holista.com\\\/fr-ca\\\/politique-de-confidentialite\\\/#breadcrumb\",\"itemListElement\":[{\"@type\":\"ListItem\",\"position\":1,\"name\":\"Accueil\",\"item\":\"https:\\\/\\\/holista.com\\\/fr-ca\\\/\"},{\"@type\":\"ListItem\",\"position\":2,\"name\":\"Politique de confidentialit\u00e9\"}]},{\"@type\":\"WebSite\",\"@id\":\"https:\\\/\\\/holista.com\\\/fr-ca\\\/#website\",\"url\":\"https:\\\/\\\/holista.com\\\/fr-ca\\\/\",\"name\":\"Holista \\\/fr-ca\\\/\",\"description\":\"Adoptez-le pour toujours !\",\"potentialAction\":[{\"@type\":\"SearchAction\",\"target\":{\"@type\":\"EntryPoint\",\"urlTemplate\":\"https:\\\/\\\/holista.com\\\/fr-ca\\\/?s={search_term_string}\"},\"query-input\":{\"@type\":\"PropertyValueSpecification\",\"valueRequired\":true,\"valueName\":\"search_term_string\"}}],\"inLanguage\":\"fr-CA\"}]}<\/script>\n<!-- \/ Yoast SEO Premium plugin. -->","yoast_head_json":{"title":"Politique de confidentialit\u00e9 - Holista \/fr-ca\/","robots":{"index":"index","follow":"follow","max-snippet":"max-snippet:-1","max-image-preview":"max-image-preview:large","max-video-preview":"max-video-preview:-1"},"canonical":"https:\/\/holista.com\/fr-ca\/politique-de-confidentialite\/","og_locale":"fr_CA","og_type":"article","og_title":"Politique de confidentialit\u00e9","og_description":"Mis \u00e0 jour le 2024-01-19 La pr\u00e9sente Politique est un \u00e9nonc\u00e9 des principes et des pratiques de confidentialit\u00e9 g\u00e9n\u00e9rales qui guident la mani\u00e8re dont nous recueillons, conservons et utilisons les renseignements personnels. Notre Politique de confidentialit\u00e9 est facile \u00e0 consulter puisqu&rsquo;un hyperlien figure sur la page d&rsquo;accueil et sur chacune des pages de ce site...","og_url":"https:\/\/holista.com\/fr-ca\/politique-de-confidentialite\/","og_site_name":"Holista \/fr-ca\/","article_modified_time":"2024-01-19T21:22:12+00:00","twitter_card":"summary_large_image","twitter_misc":{"Estimation du temps de lecture":"8 minutes"},"schema":{"@context":"https:\/\/schema.org","@graph":[{"@type":"WebPage","@id":"https:\/\/holista.com\/fr-ca\/politique-de-confidentialite\/","url":"https:\/\/holista.com\/fr-ca\/politique-de-confidentialite\/","name":"Politique de confidentialit\u00e9 - Holista \/fr-ca\/","isPartOf":{"@id":"https:\/\/holista.com\/fr-ca\/#website"},"datePublished":"2016-05-05T17:41:30+00:00","dateModified":"2024-01-19T21:22:12+00:00","breadcrumb":{"@id":"https:\/\/holista.com\/fr-ca\/politique-de-confidentialite\/#breadcrumb"},"inLanguage":"fr-CA","potentialAction":[{"@type":"ReadAction","target":["https:\/\/holista.com\/fr-ca\/politique-de-confidentialite\/"]}]},{"@type":"BreadcrumbList","@id":"https:\/\/holista.com\/fr-ca\/politique-de-confidentialite\/#breadcrumb","itemListElement":[{"@type":"ListItem","position":1,"name":"Accueil","item":"https:\/\/holista.com\/fr-ca\/"},{"@type":"ListItem","position":2,"name":"Politique de confidentialit\u00e9"}]},{"@type":"WebSite","@id":"https:\/\/holista.com\/fr-ca\/#website","url":"https:\/\/holista.com\/fr-ca\/","name":"Holista \/fr-ca\/","description":"Adoptez-le pour toujours !","potentialAction":[{"@type":"SearchAction","target":{"@type":"EntryPoint","urlTemplate":"https:\/\/holista.com\/fr-ca\/?s={search_term_string}"},"query-input":{"@type":"PropertyValueSpecification","valueRequired":true,"valueName":"search_term_string"}}],"inLanguage":"fr-CA"}]}},"acf":[],"_links":{"self":[{"href":"https:\/\/holista.com\/fr-ca\/wp-json\/wp\/v2\/pages\/433","targetHints":{"allow":["GET"]}}],"collection":[{"href":"https:\/\/holista.com\/fr-ca\/wp-json\/wp\/v2\/pages"}],"about":[{"href":"https:\/\/holista.com\/fr-ca\/wp-json\/wp\/v2\/types\/page"}],"author":[{"embeddable":true,"href":"https:\/\/holista.com\/fr-ca\/wp-json\/wp\/v2\/users\/3"}],"replies":[{"embeddable":true,"href":"https:\/\/holista.com\/fr-ca\/wp-json\/wp\/v2\/comments?post=433"}],"version-history":[{"count":0,"href":"https:\/\/holista.com\/fr-ca\/wp-json\/wp\/v2\/pages\/433\/revisions"}],"wp:attachment":[{"href":"https:\/\/holista.com\/fr-ca\/wp-json\/wp\/v2\/media?parent=433"}],"curies":[{"name":"wp","href":"https:\/\/api.w.org\/{rel}","templated":true}]}}